{"id":13,"date":"2022-04-22T11:25:57","date_gmt":"2022-04-22T09:25:57","guid":{"rendered":"https:\/\/fncttfel.install.lu\/?page_id=13"},"modified":"2022-09-07T23:42:15","modified_gmt":"2022-09-07T21:42:15","slug":"services","status":"publish","type":"page","link":"https:\/\/syndikat-eisebunnen.lu\/de\/services","title":{"rendered":"Mitgliederservice"},"content":{"rendered":"<p><\/p>\n<h2>Was tut die Gewerkschaft f\u00fcr Dich?<\/h2>\n<p>Viele Menschen untersch\u00e4tzen die Wichtigkeit der Gewerkschaft im heutigen Alltag.<\/p>\n<p>Ein gro\u00dfer Teil der Arbeitnehmer sieht es als selbstverst\u00e4ndlich an, dass sie ein angemessenes Gehalt bekommen, das mit dem Dienstalter ansteigt und regelm\u00e4\u00dfig der Lebensteuerung (Index) angepasst wird. Genauso normal finden sie es, dass sie den gr\u00f6\u00dften Teil ihrer Unkosten von der Krankenkasse zur\u00fcckerstattet bekommen. Oder nach 40 Dienstjahren, sp\u00e4testens aber im Alter von 60 Jahren \u2013 momentan sogar teilweise ab 55 resp. 57 Jahren &#8211; eine angemessene Pension beziehen k\u00f6nnen \u2026<\/p>","protected":false},"excerpt":{"rendered":"<p>Was tut die Gewerkschaft f\u00fcr Dich? Viele Menschen untersch\u00e4tzen die Wichtigkeit der Gewerkschaft im heutigen Alltag. Ein gro\u00dfer Teil der Arbeitnehmer sieht es als selbstverst\u00e4ndlich an, dass sie ein angemessenes Gehalt bekommen, das&#8230;<\/p>\n","protected":false},"author":1,"featured_media":0,"parent":0,"menu_order":7,"comment_status":"closed","ping_status":"closed","template":"","meta":{"_acf_changed":false,"inline_featured_image":false,"footnotes":""},"class_list":["post-13","page","type-page","status-publish","hentry"],"acf":[],"_links":{"self":[{"href":"https:\/\/syndikat-eisebunnen.lu\/de\/wp-json\/wp\/v2\/pages\/13","targetHints":{"allow":["GET"]}}],"collection":[{"href":"https:\/\/syndikat-eisebunnen.lu\/de\/wp-json\/wp\/v2\/pages"}],"about":[{"href":"https:\/\/syndikat-eisebunnen.lu\/de\/wp-json\/wp\/v2\/types\/page"}],"author":[{"embeddable":true,"href":"https:\/\/syndikat-eisebunnen.lu\/de\/wp-json\/wp\/v2\/users\/1"}],"replies":[{"embeddable":true,"href":"https:\/\/syndikat-eisebunnen.lu\/de\/wp-json\/wp\/v2\/comments?post=13"}],"version-history":[{"count":7,"href":"https:\/\/syndikat-eisebunnen.lu\/de\/wp-json\/wp\/v2\/pages\/13\/revisions"}],"predecessor-version":[{"id":544,"href":"https:\/\/syndikat-eisebunnen.lu\/de\/wp-json\/wp\/v2\/pages\/13\/revisions\/544"}],"wp:attachment":[{"href":"https:\/\/syndikat-eisebunnen.lu\/de\/wp-json\/wp\/v2\/media?parent=13"}],"curies":[{"name":"wp","href":"https:\/\/api.w.org\/{rel}","templated":true}]}}